{"id":1823,"date":"2018-06-27T14:44:25","date_gmt":"2018-06-27T12:44:25","guid":{"rendered":"http:\/\/www.dolciadv.it\/it\/?page_id=1823"},"modified":"2024-03-07T10:38:00","modified_gmt":"2024-03-07T09:38:00","slug":"privacy-policy","status":"publish","type":"page","link":"https:\/\/www.dolciadv.it\/it\/privacy-policy\/","title":{"rendered":"Privacy Policy"},"content":{"rendered":"<h1>Informativa cookie e di navigazione del sito internet<\/h1>\n<p>La presente informativa viene resa, ai sensi dell\u2019art. 13 GDPR 2016\/679 \u2013 \u201cRegolamento europeo sulla protezione dei dati personali\u201d, alle persone che accedono e consultano il sito, al fine di descrivere le modalit\u00e0 con cui<br \/>\nDolci Advertising s.r.l. usa i cookie e tecnologie simili per raccogliere e conservare informazioni quando l&#8217;utente visita il sito Web.<\/p>\n<p>Questo sito WEB appartiene a Dolci Advertising s.r.l. che tratta i dati raccolti attraverso il sito stesso in qualit\u00e0 di Titolare del trattamento.<br \/>\nIl Titolare garantisce la sicurezza, la riservatezza e la protezione dei dati di cui \u00e8 in possesso, ovvero di quelli di cui verr\u00e0 in possesso, in qualsiasi fase del processo di trattamento degli stessi, nel rispetto delle norme fissate dal GDPR 2016\/679 e nel rispetto del segreto d&#8217;impresa.<br \/>\nIl sito Internet potrebbe proporre link o riferimenti ad altri siti Internet di terzi sui quali il Titolare non dispone di alcun controllo. Tali link, se presenti, sono forniti per comodit\u00e0 degli utenti di questo sito e il Titolare non assume alcuna responsabilit\u00e0 in relazione a tali siti, come non fornisce indicazioni circa la precisione o la completezza delle informazioni in essi contenute.<\/p>\n<h2>Identit\u00e0 del Titolare del trattamento<\/h2>\n<p>Il Titolare del trattamento \u00e8 <strong>Dolci Advertising s.r.l.<\/strong> con sede in via Bligny 5 &#8211; 10122 Torino (TO) nella persona del legale rappresentante pro tempore.<br \/>\nContatto mail: <a href=\"mailto:bonesso@dolciadv.it\">bonesso@dolciadv.it<\/a><\/p>\n<h2>Tipologia di dati e Modalit\u00e0 del trattamento<\/h2>\n<p>I sistemi informatici e le procedure software preposte al funzionamento di questo sito web acquisiscono, nel corso del loro normale esercizio, alcuni dati personali la cui trasmissione \u00e8 implicita nell&#8217;uso dei protocolli di comunicazione di internet.<br \/>\nSi tratta di informazioni che non sono raccolte per essere associate a interessati identificati, ma che per loro stessa natura potrebbero, attraverso elaborazioni ed associazioni con dati detenuti da terzi, permettere di identificare gli utenti.<br \/>\nIn questa categoria di dati rientrano gli indirizzi IP o i nomi a dominio da cui si collegano i visitatori del Sito, gli indirizzi in notazione URI (Uniform Resource Identifier) delle risorse richieste, l&#8217;orario della richiesta, il metodo utilizzato nel sottoporre la richiesta al server, la dimensione del file ottenuto in risposta, il codice numerico indicante lo stato della risposta data dal server ed altri parametri relativi al sistema operativo e all&#8217;ambiente informatico dell&#8217;utente.<\/p>\n<h2>Scopo dell&#8217;uso di cookie<\/h2>\n<ul>\n<li>I cookie di sessione memorizzano le informazioni pertinenti insieme all&#8217;indirizzo IP dell&#8217;utente e al codice identificativo dei cookie. Questi cookie sono associati alle attivit\u00e0 necessarie per l&#8217;uso del sito Web (ad esempio, servono per navigare nel sito Web senza dover immettere di nuovo i dati di accesso e vengono poi eliminati dal computer dell&#8217;utente una volta chiuso il browser.<\/li>\n<li>I cookie permanenti sono quelli memorizzati al primo accesso sito Web, al fine di riconoscere l\u2019utente come visitatore. Questo cookie viene aggiornato con un indicatore data e ora ogni volta che l&#8217;utente ritorna al sito Web, e memorizza informazioni relative alle pagine visualizzate per eventualmente mostrare all&#8217;utente informazioni personalizzate in base alle preferenze rilevate in precedenza. I cookie permanenti restano sul computer dell&#8217;utente dopo che il browser viene chiuso, ma possono essere eliminati in qualsiasi momento usando le impostazioni del browser.<\/li>\n<\/ul>\n<p>I cookie si suddividono anche in &#8220;cookie di prima parte&#8221; e &#8220;cookie di terze parti&#8221;.<\/p>\n<ul>\n<li>I cookie di prima parte sono impostati direttamente sul computer dell&#8217;utente, con l&#8217;unico scopo di riconoscerlo in occasione di visite successive.<\/li>\n<li>I cookie di terze parti sono inviati da un fornitore di servizi indipendente che opera per conto del Titolare del trattamento e possono essere usati da tale fornitore di servizi terzi per riconoscere l&#8217;utente quando visita il sito Web o siti di terzi. Sebbene il Titolare possa concedere a fornitori di servizi terzi di accedere al sito Web per inviare questi cookie ai computer degli utenti in conformit\u00e0 alle leggi vigenti, come illustrato nella presente politica sui cookie, il Titolare del trattamento non detiene il controllo sulle informazioni raccolte dai cookie n\u00e9 conserva l&#8217;accesso a tali dati che vengono immediatamente comunicati ai terzi che li raccolgono.<\/li>\n<\/ul>\n<h2>Strumenti di social media<\/h2>\n<p>Il sito Web potrebbe offrire accesso a strumenti di social media forniti da piattaforme di social network quali Facebook, Google, LinkedIn e Twitter. L&#8217;utente che decide di usare questi strumenti attivando uno strumento di social media pu\u00f2 condividere determinati dati personali con i propri amici e tali piattaforme di social network. Le attivit\u00e0 di condivisione sono soggette alle politiche sulla privacy di ciascun social network. Nello specifico, vengono offerti anche strumenti del social network Facebook per consentire a Facebook di condividere informazioni e attivit\u00e0 degli amici con i suoi utenti registrati durante la navigazione sul nostro sito Web.<\/p>\n<h2>Tipi di cookie, finalit\u00e0 del trattamento e periodo di conservazione<\/h2>\n<p>Il nostro sito Web usa cookie, di prima e di terze parti, appartenenti a diverse tipologie, in aggiunta a tag pixel e\/o tag JavaScript, per raccogliere e conservare alcune informazioni relative all&#8217;utente. Un cookie \u00e8 un piccolo file di dati che il sito web invia e salva sul disco fisso del computer e\/o dispositivo dell&#8217;utente (di seguito entrambi denominati &#8220;computer&#8221;); successivamente, quando l&#8217;utente accede al sito Web, i cookie salvati sul computer invieranno informazioni al soggetto che li ha inviati.<\/p>\n<p>I cookie utilizzati dal nostro sito rientrano nelle seguenti categorie:<\/p>\n<ol>\n<li><strong>cookies tecnici<\/strong> per garantire il corretto funzionamento e migliorare l\u2019esperienza di navigazione dell\u2019utente;<\/li>\n<li><strong>cookie di prestazione<\/strong> per raccogliere e analizzare informazioni al fine di produrre analisi statistiche sugli accessi e le visite al sito web;<\/li>\n<\/ol>\n<h2>Base giuridica<\/h2>\n<p>L\u2019utilizzo di cookies tecnici \u00e8 un trattamento effettuato nel legittimo interesse del Titolare (acquisizione delle informazioni necessarie al fine di garantire il funzionamento del sito, migliorare la trasmissione delle comunicazioni mediante i protocolli elettronici); l\u2019utilizzo dei restanti cookie viene effettuato con il consenso dell\u2019interessato mediante espressa accettazione attraverso l\u2019apposito banner.<\/p>\n<h2>Destinatari dei dati<\/h2>\n<p>I dati personali trattati dal Titolare non sono diffusi, ovvero non ne viene data conoscenza a soggetti indeterminati, in nessuna possibile forma, inclusa quella della loro messa a disposizione o semplice consultazione.<br \/>\nI dati potranno essere trattati dai dipendenti, sulla base dei ruoli e delle mansioni espletate, e da collaboratori del Titolare per il perseguimento delle finalit\u00e0 sopra indicate.<br \/>\nTali soggetti sono stati autorizzati al trattamento e hanno ricevuto adeguate istruzioni operative.<br \/>\nPossono inoltre essere comunicati, nei limiti strettamente necessari, ai soggetti che per finalit\u00e0 di evasione delle vostre richieste debbano fornire beni o eseguire su incarico del Titolare prestazioni o servizi connessi alla gestione del sito web, i quali sono stati designati Responsabili di trattamento.<br \/>\nIn particolare, possono essere trattati da societ\u00e0 e professionisti che erogano servizi di gestione e manutenzione del sito e dei servizi informativi.<br \/>\nInfine, possono essere comunicati ai soggetti legittimati ad accedervi in forza di disposizioni di legge, regolamenti, normative comunitarie.<\/p>\n<h2>Trasferimento dei dati<\/h2>\n<p>In nessun caso il Titolare del trattamento trasferisce i dati personali in paesi terzi o a organizzazioni internazionali.<br \/>\nTuttavia, si riserva la possibilit\u00e0 di utilizzare servizi in cloud; nel qual caso, i fornitori dei servizi saranno selezionati tra coloro che forniscono garanzie adeguate, cos\u00ec come previsto dall\u2019art. 46 GDPR.<\/p>\n<h2>Revoca del consenso<\/h2>\n<p>Con riferimento all\u2019art. 7 del GDPR 2016\/679, l\u2019interessato pu\u00f2 revocare il consenso in qualsiasi momento. La revoca del consenso bloccher\u00e0 l\u2019uso dei cookie statistici senza compromettere la navigazione.<br \/>\nLa revoca del consenso pu\u00f2 avvenire in qualsiasi momento utilizzando l\u2019area di gestione dei consensi che riporta lo stato dei consensi precedentemente espressi.<\/p>\n<h2>Natura del conferimento dei dati<\/h2>\n<p>L\u2019accettazione dei cookie tecnici \u00e8 condizione necessaria per la navigazione del sito.<br \/>\nL\u2019accettazione dei restanti cookie \u00e8 facoltativa e avviene previo consenso espresso. Pertanto, la loro mancata accettazione pu\u00f2 comportare una possibile limitazione nella fruizione di alcune funzionalit\u00e0 del sito o impedire la fruizione di benefici connessi ai servizi offerti dal Titolare.<\/p>\n<h2>Diritti dell\u2019interessato<\/h2>\n<p>L\u2019interessato pu\u00f2 esercitare in qualsiasi momento i diritti previsti dal GDPR 2016\/679, in particolare:<\/p>\n<ul>\n<li>Il diritto di accesso (art. 15): richiedere la conferma del trattamento dei vostri dati ed eventualmente una copia dei dati personali in nostro possesso e di verificare la legittimit\u00e0 del trattamento.<\/li>\n<li>il diritto di rettifica (art.16): richiedere la rettifica dei vostri dati personali in nostro possesso. Ci\u00f2 vi consente di far rettificare i vostri dati incompleti o imprecisi in nostro possesso.<\/li>\n<li>il diritto alla cancellazione (art. 17): richiedere di cancellare o rimuovere i vostri dati personali qualora non vi siano validi motivi per continuare a trattarli o in seguito all\u2019esercizio del diritto di opposizione (vedi sotto).<\/li>\n<li>il diritto alla limitazione del trattamento (art.18): richiedere la sospensione del trattamento dei vostri dati personali.<\/li>\n<li>il diritto alla portabilit\u00e0 (art.20): richiesta di trasferire i vostri dati in formato intellegibile ad un altro soggetto da voi indicato.<\/li>\n<li>il diritto di opposizione al trattamento dei propri dati personali (art. 21).<\/li>\n<li>il diritto di opposizione a processi decisionali automatizzati (art. 22).<\/li>\n<\/ul>\n<p>Il Titolare ricorda in particolare che ogni interessato pu\u00f2 esercitare il diritto di opposizione nelle forme e nei modi previsti dall\u2019art. 21 GDPR.<br \/>\nL\u2019interessato pu\u00f2 esercitare i propri diritti scrivendo al Titolare del trattamento all\u2019indirizzo sopra riportato, oppure a mezzo email, specificando l\u2019oggetto della richiesta, il diritto che intende esercitare e allegando fotocopia di un documento di identit\u00e0 che attesti la legittimit\u00e0 della richiesta.<\/p>\n<h2>Proposizione di reclamo<\/h2>\n<p>L\u2019interessato ha il diritto di proporre reclamo all\u2019autorit\u00e0 di controllo dello stato di residenza.<\/p>\n<h2>Processi decisionali automatizzati<\/h2>\n<p>In nessun caso, il Titolare effettua trattamenti che consistono in processi decisionali automatizzati sui dati delle persone fisiche.<\/p>\n<p>07\/11\/2022<\/p>\n","protected":false},"excerpt":{"rendered":"<p>Informativa cookie e di navigazione del sito internet La presente informativa viene resa, ai sensi dell\u2019art. 13 GDPR 2016\/679 \u2013 \u201cRegolamento europeo sulla protezione dei dati personali\u201d, alle persone che accedono e consultano il sito, al fine di descrivere le modalit\u00e0 con cui Dolci Advertising s.r.l. usa i cookie e tecnologie simili per raccogliere e &hellip; <a href=\"https:\/\/www.dolciadv.it\/it\/privacy-policy\/\" class=\"more-link\">Leggi tutto<span class=\"screen-reader-text\"> &#8220;Privacy Policy&#8221;<\/span><\/a><\/p>\n","protected":false},"author":3,"featured_media":0,"parent":0,"menu_order":0,"comment_status":"closed","ping_status":"closed","template":"template-parts\/cookies.php","meta":{"_acf_changed":false,"inline_featured_image":false,"footnotes":""},"class_list":["post-1823","page","type-page","status-publish","hentry"],"acf":[],"aioseo_notices":[],"_links":{"self":[{"href":"https:\/\/www.dolciadv.it\/it\/wp-json\/wp\/v2\/pages\/1823","targetHints":{"allow":["GET"]}}],"collection":[{"href":"https:\/\/www.dolciadv.it\/it\/wp-json\/wp\/v2\/pages"}],"about":[{"href":"https:\/\/www.dolciadv.it\/it\/wp-json\/wp\/v2\/types\/page"}],"author":[{"embeddable":true,"href":"https:\/\/www.dolciadv.it\/it\/wp-json\/wp\/v2\/users\/3"}],"replies":[{"embeddable":true,"href":"https:\/\/www.dolciadv.it\/it\/wp-json\/wp\/v2\/comments?post=1823"}],"version-history":[{"count":16,"href":"https:\/\/www.dolciadv.it\/it\/wp-json\/wp\/v2\/pages\/1823\/revisions"}],"predecessor-version":[{"id":4602,"href":"https:\/\/www.dolciadv.it\/it\/wp-json\/wp\/v2\/pages\/1823\/revisions\/4602"}],"wp:attachment":[{"href":"https:\/\/www.dolciadv.it\/it\/wp-json\/wp\/v2\/media?parent=1823"}],"curies":[{"name":"wp","href":"https:\/\/api.w.org\/{rel}","templated":true}]}}